{"id":27,"date":"2023-03-30T16:13:24","date_gmt":"2023-03-30T13:13:24","guid":{"rendered":"https:\/\/mattirag.com\/?page_id=27"},"modified":"2026-04-16T09:32:18","modified_gmt":"2026-04-16T06:32:18","slug":"mattirag-com-ragala-net","status":"publish","type":"page","link":"https:\/\/mattirag.com\/","title":{"rendered":"mattirag.com &#8211; ragala.net"},"content":{"rendered":"\t\t<div data-elementor-type=\"wp-page\" data-elementor-id=\"27\" class=\"elementor elementor-27\">\n\t\t\t\t\t\t\t\t\t<section class=\"elementor-section elementor-top-section elementor-element elementor-element-41d4da32 elementor-section-boxed elementor-section-height-default elementor-section-height-default\" data-id=\"41d4da32\" data-element_type=\"section\">\n\t\t\t\t\t\t<div class=\"elementor-container elementor-column-gap-default\">\n\t\t\t\t\t<div class=\"elementor-column elementor-col-100 elementor-top-column elementor-element elementor-element-3cc3b855\" data-id=\"3cc3b855\" data-element_type=\"column\">\n\t\t\t<div class=\"elementor-widget-wrap elementor-element-populated\">\n\t\t\t\t\t\t\t\t<div class=\"elementor-element elementor-element-10a607e1 elementor-widget elementor-widget-text-editor\" data-id=\"10a607e1\" data-element_type=\"widget\" data-widget_type=\"text-editor.default\">\n\t\t\t\t<div class=\"elementor-widget-container\">\n\t\t\t<style>\/*! elementor - v3.12.0 - 29-03-2023 *\/\n.elementor-widget-text-editor.elementor-drop-cap-view-stacked .elementor-drop-cap{background-color:#69727d;color:#fff}.elementor-widget-text-editor.elementor-drop-cap-view-framed .elementor-drop-cap{color:#69727d;border:3px solid;background-color:transparent}.elementor-widget-text-editor:not(.elementor-drop-cap-view-default) .elementor-drop-cap{margin-top:8px}.elementor-widget-text-editor:not(.elementor-drop-cap-view-default) .elementor-drop-cap-letter{width:1em;height:1em}.elementor-widget-text-editor .elementor-drop-cap{float:left;text-align:center;line-height:1;font-size:50px}.elementor-widget-text-editor .elementor-drop-cap-letter{display:inline-block}<\/style>\t\t\t\t<p><!-- wp:paragraph --><\/p>\n<p>MATTIRAG \u2013 VIRTUAALI RAGALA SIVUSTOJEN P\u00c4\u00c4SIVU<\/p>\n<p><!-- \/wp:paragraph --><\/p>\t\t\t\t\t\t<\/div>\n\t\t\t\t<\/div>\n\t\t\t\t<section class=\"elementor-section elementor-inner-section elementor-element elementor-element-2a566eb elementor-section-boxed elementor-section-height-default elementor-section-height-default\" data-id=\"2a566eb\" data-element_type=\"section\">\n\t\t\t\t\t\t<div class=\"elementor-container elementor-column-gap-default\">\n\t\t\t\t\t<div class=\"elementor-column elementor-col-50 elementor-inner-column elementor-element elementor-element-2df27aa\" data-id=\"2df27aa\" data-element_type=\"column\" data-settings=\"{&quot;background_background&quot;:&quot;classic&quot;}\">\n\t\t\t<div class=\"elementor-widget-wrap elementor-element-populated\">\n\t\t\t\t\t\t\t\t<div class=\"elementor-element elementor-element-9dac07d elementor-widget elementor-widget-image\" data-id=\"9dac07d\" data-element_type=\"widget\" data-widget_type=\"image.default\">\n\t\t\t\t<div class=\"elementor-widget-container\">\n\t\t\t<style>\/*! elementor - v3.12.0 - 29-03-2023 *\/\n.elementor-widget-image{text-align:center}.elementor-widget-image a{display:inline-block}.elementor-widget-image a img[src$=\".svg\"]{width:48px}.elementor-widget-image img{vertical-align:middle;display:inline-block}<\/style>\t\t\t\t\t\t\t\t\t<figure class=\"wp-caption\">\n\t\t\t\t\t\t\t\t\t\t\t<a href=\"https:\/\/ragala.net\/ragala\">\n\t\t\t\t\t\t\t<img decoding=\"async\" width=\"300\" height=\"167\" src=\"https:\/\/mattirag.com\/wp-content\/uploads\/2023\/03\/cropped-virturagala-300x167-1.jpg\" class=\"attachment-large size-large wp-image-30\" alt=\"\" loading=\"lazy\" \/>\t\t\t\t\t\t\t\t<\/a>\n\t\t\t\t\t\t\t\t\t\t\t<figcaption class=\"widget-image-caption wp-caption-text\">VIRTUAALI RAGALA - UUDEMMAT SIVUT<\/figcaption>\n\t\t\t\t\t\t\t\t\t\t<\/figure>\n\t\t\t\t\t\t\t\t\t<\/div>\n\t\t\t\t<\/div>\n\t\t\t\t\t<\/div>\n\t\t<\/div>\n\t\t\t\t<div class=\"elementor-column elementor-col-50 elementor-inner-column elementor-element elementor-element-5d68fd7\" data-id=\"5d68fd7\" data-element_type=\"column\" data-settings=\"{&quot;background_background&quot;:&quot;classic&quot;}\">\n\t\t\t<div class=\"elementor-widget-wrap elementor-element-populated\">\n\t\t\t\t\t\t\t\t<div class=\"elementor-element elementor-element-addf2a6 elementor-widget elementor-widget-image\" data-id=\"addf2a6\" data-element_type=\"widget\" data-widget_type=\"image.default\">\n\t\t\t\t<div class=\"elementor-widget-container\">\n\t\t\t\t\t\t\t\t\t\t\t\t<figure class=\"wp-caption\">\n\t\t\t\t\t\t\t\t\t\t\t<a href=\"https:\/\/mattirag.com\/HTML\/rag\">\n\t\t\t\t\t\t\t<img decoding=\"async\" width=\"300\" height=\"203\" src=\"https:\/\/mattirag.com\/wp-content\/uploads\/2023\/03\/008IMG_0562_Copyright-\u00a9-2013-Heikki-Merenkyla-1024x694-1-300x203.jpg\" class=\"attachment-medium size-medium wp-image-32\" alt=\"\" loading=\"lazy\" srcset=\"https:\/\/mattirag.com\/wp-content\/uploads\/2023\/03\/008IMG_0562_Copyright-\u00a9-2013-Heikki-Merenkyla-1024x694-1-300x203.jpg 300w, https:\/\/mattirag.com\/wp-content\/uploads\/2023\/03\/008IMG_0562_Copyright-\u00a9-2013-Heikki-Merenkyla-1024x694-1-768x521.jpg 768w, https:\/\/mattirag.com\/wp-content\/uploads\/2023\/03\/008IMG_0562_Copyright-\u00a9-2013-Heikki-Merenkyla-1024x694-1.jpg 1024w\" sizes=\"(max-width: 300px) 100vw, 300px\" \/>\t\t\t\t\t\t\t\t<\/a>\n\t\t\t\t\t\t\t\t\t\t\t<figcaption class=\"widget-image-caption wp-caption-text\">HTML - ALKUPER\u00c4ISET SIVUT (TULOSSA)<\/figcaption>\n\t\t\t\t\t\t\t\t\t\t<\/figure>\n\t\t\t\t\t\t\t\t\t<\/div>\n\t\t\t\t<\/div>\n\t\t\t\t\t<\/div>\n\t\t<\/div>\n\t\t\t\t\t\t\t<\/div>\n\t\t<\/section>\n\t\t\t\t\t<\/div>\n\t\t<\/div>\n\t\t\t\t\t\t\t<\/div>\n\t\t<\/section>\n\t\t\t\t<section class=\"elementor-section elementor-top-section elementor-element elementor-element-92f10a6 elementor-section-boxed elementor-section-height-default elementor-section-height-default\" data-id=\"92f10a6\" data-element_type=\"section\">\n\t\t\t\t\t\t<div class=\"elementor-container elementor-column-gap-default\">\n\t\t\t\t\t<div class=\"elementor-column elementor-col-100 elementor-top-column elementor-element elementor-element-d104db4\" data-id=\"d104db4\" data-element_type=\"column\">\n\t\t\t<div class=\"elementor-widget-wrap elementor-element-populated\">\n\t\t\t\t\t\t\t\t<div class=\"elementor-element elementor-element-604dd74 elementor-widget elementor-widget-heading\" data-id=\"604dd74\" data-element_type=\"widget\" data-widget_type=\"heading.default\">\n\t\t\t\t<div class=\"elementor-widget-container\">\n\t\t\t<style>\/*! elementor - v3.12.0 - 29-03-2023 *\/\n.elementor-heading-title{padding:0;margin:0;line-height:1}.elementor-widget-heading .elementor-heading-title[class*=elementor-size-]>a{color:inherit;font-size:inherit;line-height:inherit}.elementor-widget-heading .elementor-heading-title.elementor-size-small{font-size:15px}.elementor-widget-heading .elementor-heading-title.elementor-size-medium{font-size:19px}.elementor-widget-heading .elementor-heading-title.elementor-size-large{font-size:29px}.elementor-widget-heading .elementor-heading-title.elementor-size-xl{font-size:39px}.elementor-widget-heading .elementor-heading-title.elementor-size-xxl{font-size:59px}<\/style><h2 class=\"elementor-heading-title elementor-size-default\"><a href=\"https:\/\/mattirag.com\/index.php\/yllapitajan-tervehdys\/\">Yll\u00e4pit\u00e4j\u00e4n tervehdys<\/a><\/h2>\t\t<\/div>\n\t\t\t\t<\/div>\n\t\t\t\t\t<\/div>\n\t\t<\/div>\n\t\t\t\t\t\t\t<\/div>\n\t\t<\/section>\n\t\t\t\t<section class=\"elementor-section elementor-top-section elementor-element elementor-element-6000bde elementor-section-boxed elementor-section-height-default elementor-section-height-default\" data-id=\"6000bde\" data-element_type=\"section\">\n\t\t\t\t\t\t<div class=\"elementor-container elementor-column-gap-default\">\n\t\t\t\t\t<div class=\"elementor-column elementor-col-100 elementor-top-column elementor-element elementor-element-6b12dd1\" data-id=\"6b12dd1\" data-element_type=\"column\">\n\t\t\t<div class=\"elementor-widget-wrap elementor-element-populated\">\n\t\t\t\t\t\t\t\t<div class=\"elementor-element elementor-element-20ecbf8 elementor-widget elementor-widget-text-editor\" data-id=\"20ecbf8\" data-element_type=\"widget\" data-widget_type=\"text-editor.default\">\n\t\t\t\t<div class=\"elementor-widget-container\">\n\t\t\t\t\t\t\t<p>mattirag.com &#8211; Virtuaali ragala yll\u00e4pito<\/p>\n<p>toivottaa kaikki Juice Leskinen &#8211; Pintaa syvemm\u00e4lt\u00e4 ryhm\u00e4l\u00e4iset tervetuleeksi tutustumaan<\/p>\n<p>Turkulaiseen monilahjakuuteen Matti Rag Paanaseen (1939-2022)<\/p>\t\t\t\t\t\t<\/div>\n\t\t\t\t<\/div>\n\t\t\t\t\t<\/div>\n\t\t<\/div>\n\t\t\t\t\t\t\t<\/div>\n\t\t<\/section>\n\t\t\t\t\t\t\t<\/div>\n\t\t","protected":false},"excerpt":{"rendered":"<p>MATTIRAG \u2013 VIRTUAALI RAGALA SIVUSTOJEN P\u00c4\u00c4SIVU VIRTUAALI RAGALA &#8211; UUDEMMAT SIVUT HTML &#8211; ALKUPER\u00c4ISET SIVUT (TULOSSA) Yll\u00e4pit\u00e4j\u00e4n tervehdys mattirag.com &#8211; Virtuaali ragala yll\u00e4pito toivottaa kaikki Juice Leskinen &#8211; Pintaa syvemm\u00e4lt\u00e4 ryhm\u00e4l\u00e4iset tervetuleeksi tutustumaan Turkulaiseen monilahjakuuteen Matti Rag Paanaseen (1939-2022)<\/p>\n","protected":false},"author":1,"featured_media":0,"parent":0,"menu_order":0,"comment_status":"closed","ping_status":"closed","template":"","meta":{"_monsterinsights_skip_tracking":false,"_monsterinsights_sitenote_active":false,"_monsterinsights_sitenote_note":"","_monsterinsights_sitenote_category":0},"_links":{"self":[{"href":"https:\/\/mattirag.com\/index.php\/wp-json\/wp\/v2\/pages\/27"}],"collection":[{"href":"https:\/\/mattirag.com\/index.php\/wp-json\/wp\/v2\/pages"}],"about":[{"href":"https:\/\/mattirag.com\/index.php\/wp-json\/wp\/v2\/types\/page"}],"author":[{"embeddable":true,"href":"https:\/\/mattirag.com\/index.php\/wp-json\/wp\/v2\/users\/1"}],"replies":[{"embeddable":true,"href":"https:\/\/mattirag.com\/index.php\/wp-json\/wp\/v2\/comments?post=27"}],"version-history":[{"count":16,"href":"https:\/\/mattirag.com\/index.php\/wp-json\/wp\/v2\/pages\/27\/revisions"}],"predecessor-version":[{"id":58,"href":"https:\/\/mattirag.com\/index.php\/wp-json\/wp\/v2\/pages\/27\/revisions\/58"}],"wp:attachment":[{"href":"https:\/\/mattirag.com\/index.php\/wp-json\/wp\/v2\/media?parent=27"}],"curies":[{"name":"wp","href":"https:\/\/api.w.org\/{rel}","templated":true}]}}